{"id":337,"date":"2022-03-30T08:27:04","date_gmt":"2022-03-30T08:27:04","guid":{"rendered":"https:\/\/www.werkenbijbankenchampignons.com\/vacature-dashboard\/"},"modified":"2022-03-30T08:27:04","modified_gmt":"2022-03-30T08:27:04","slug":"vacature-dashboard","status":"publish","type":"page","link":"https:\/\/www.werkenbijbankenchampignons.com\/pl\/vacature-dashboard\/","title":{"rendered":"Vacature dashboard"},"content":{"rendered":"<div id=\"job-manager-job-dashboard\">\n\n\t<p class=\"account-sign-in\">Zaloguj si\u0119, aby zarz\u0105dza\u0107 swoimi ofertami. <a class=\"button\" href=\"https:\/\/www.werkenbijbankenchampignons.com\/pl\/wp-login.php?redirect_to=https%3A%2F%2Fwww.werkenbijbankenchampignons.com%2Fpl%2Fvacature-dashboard%2F\">Zaloguj si\u0119<\/a><\/p>\n\n<\/div>\n\n","protected":false},"excerpt":{"rendered":"<p> [&#8230;]<\/p>\n<p><a class=\"btn btn-secondary understrap-read-more-link\" href=\"https:\/\/www.werkenbijbankenchampignons.com\/pl\/vacature-dashboard\/\">Czytaj dalej\u2026<span class=\"screen-reader-text\"> from Vacature dashboard<\/span><\/a><\/p>\n","protected":false},"author":1,"featured_media":0,"parent":0,"menu_order":0,"comment_status":"closed","ping_status":"closed","template":"","meta":{"_acf_changed":false,"footnotes":""},"class_list":["post-337","page","type-page","status-publish","hentry"],"acf":{"subtitle":""},"_links":{"self":[{"href":"https:\/\/www.werkenbijbankenchampignons.com\/pl\/wp-json\/wp\/v2\/pages\/337","targetHints":{"allow":["GET"]}}],"collection":[{"href":"https:\/\/www.werkenbijbankenchampignons.com\/pl\/wp-json\/wp\/v2\/pages"}],"about":[{"href":"https:\/\/www.werkenbijbankenchampignons.com\/pl\/wp-json\/wp\/v2\/types\/page"}],"author":[{"embeddable":true,"href":"https:\/\/www.werkenbijbankenchampignons.com\/pl\/wp-json\/wp\/v2\/users\/1"}],"replies":[{"embeddable":true,"href":"https:\/\/www.werkenbijbankenchampignons.com\/pl\/wp-json\/wp\/v2\/comments?post=337"}],"version-history":[{"count":0,"href":"https:\/\/www.werkenbijbankenchampignons.com\/pl\/wp-json\/wp\/v2\/pages\/337\/revisions"}],"wp:attachment":[{"href":"https:\/\/www.werkenbijbankenchampignons.com\/pl\/wp-json\/wp\/v2\/media?parent=337"}],"curies":[{"name":"wp","href":"https:\/\/api.w.org\/{rel}","templated":true}]}}