{"id":41,"date":"2022-03-29T12:29:38","date_gmt":"2022-03-29T10:29:38","guid":{"rendered":"https:\/\/www.werkenbijbankenchampignons.com\/strona-glowna\/"},"modified":"2022-06-08T15:08:45","modified_gmt":"2022-06-08T13:08:45","slug":"strona-glowna","status":"publish","type":"page","link":"https:\/\/www.werkenbijbankenchampignons.com\/pl\/","title":{"rendered":"Strona g\u0142\u00f3wna"},"content":{"rendered":"\n<h2 class=\"wp-block-heading\"><strong>Szukamy w\u0142a\u015bnie Ciebie<\/strong><\/h2>\n\n\n\n<p class=\"has-text-align-center\">W naszej rozwijaj\u0105cej si\u0119 firmie wci\u0105\u017c poszukujemy nowych os\u00f3b na r\u00f3\u017cne stanowiska. Jeste\u015b mechanikiem, kierowc\u0105, specjalist\u0105 ds. sprzeda\u017cy, hodowc\u0105 lub specjalizujesz si\u0119 w innej dziedzinie? Prawdopodobnie mamy dla Ciebie odpowiednie stanowisko, a Ty mo\u017cesz wzmocni\u0107 nasz zesp\u00f3\u0142. Zapraszamy do aplikowania, bo w przypadku pracy w Banken Champignons \u017caden dzie\u0144 nie jest taki sam. Poni\u017cej znajdziesz nasze oferty pracy. Zapoznaj si\u0119 z nimi, odpowiedz, je\u015bli co\u015b Ci\u0119 zainteresuje, a my z przyjemno\u015bci\u0105 si\u0119 z Tob\u0105 skontaktujemy!<\/p>\n","protected":false},"excerpt":{"rendered":"<p>Szukamy w\u0142a\u015bnie Ciebie W naszej rozwijaj\u0105cej si\u0119 firmie wci\u0105\u017c poszukujemy nowych os\u00f3b na r\u00f3\u017cne stanowiska. Jeste\u015b mechanikiem, kierowc\u0105, specjalist\u0105 ds. sprzeda\u017cy, hodowc\u0105 lub specjalizujesz si\u0119 w innej dziedzinie? Prawdopodobnie mamy dla Ciebie odpowiednie stanowisko, a Ty mo\u017cesz wzmocni\u0107 nasz zesp\u00f3\u0142. Zapraszamy do aplikowania, bo w przypadku pracy w Banken Champignons \u017caden dzie\u0144 nie jest taki [&#8230;]<\/p>\n<p><a class=\"btn btn-secondary understrap-read-more-link\" href=\"https:\/\/www.werkenbijbankenchampignons.com\/pl\/\">Czytaj dalej\u2026<span class=\"screen-reader-text\"> from Strona g\u0142\u00f3wna<\/span><\/a><\/p>\n","protected":false},"author":1,"featured_media":115,"parent":0,"menu_order":0,"comment_status":"closed","ping_status":"closed","template":"page-templates\/homepage.php","meta":{"_acf_changed":false,"footnotes":""},"class_list":["post-41","page","type-page","status-publish","has-post-thumbnail","hentry"],"acf":{"subtitle":" Przyjd\u017a do pracy w firmie Banken Champignons"},"_links":{"self":[{"href":"https:\/\/www.werkenbijbankenchampignons.com\/pl\/wp-json\/wp\/v2\/pages\/41","targetHints":{"allow":["GET"]}}],"collection":[{"href":"https:\/\/www.werkenbijbankenchampignons.com\/pl\/wp-json\/wp\/v2\/pages"}],"about":[{"href":"https:\/\/www.werkenbijbankenchampignons.com\/pl\/wp-json\/wp\/v2\/types\/page"}],"author":[{"embeddable":true,"href":"https:\/\/www.werkenbijbankenchampignons.com\/pl\/wp-json\/wp\/v2\/users\/1"}],"replies":[{"embeddable":true,"href":"https:\/\/www.werkenbijbankenchampignons.com\/pl\/wp-json\/wp\/v2\/comments?post=41"}],"version-history":[{"count":4,"href":"https:\/\/www.werkenbijbankenchampignons.com\/pl\/wp-json\/wp\/v2\/pages\/41\/revisions"}],"predecessor-version":[{"id":433,"href":"https:\/\/www.werkenbijbankenchampignons.com\/pl\/wp-json\/wp\/v2\/pages\/41\/revisions\/433"}],"wp:featuredmedia":[{"embeddable":true,"href":"https:\/\/www.werkenbijbankenchampignons.com\/pl\/wp-json\/wp\/v2\/media\/115"}],"wp:attachment":[{"href":"https:\/\/www.werkenbijbankenchampignons.com\/pl\/wp-json\/wp\/v2\/media?parent=41"}],"curies":[{"name":"wp","href":"https:\/\/api.w.org\/{rel}","templated":true}]}}