{"id":410,"date":"2022-03-30T08:12:37","date_gmt":"2022-03-30T06:12:37","guid":{"rendered":"https:\/\/www.werkenbijbankenchampignons.com\/aplikowanie-o-prace\/"},"modified":"2022-06-08T15:17:56","modified_gmt":"2022-06-08T13:17:56","slug":"aplikowanie-o-prace","status":"publish","type":"page","link":"https:\/\/www.werkenbijbankenchampignons.com\/pl\/aplikowanie-o-prace\/","title":{"rendered":"Aplikowanie o prac\u0119"},"content":{"rendered":"\n<p class=\"has-text-align-center\">Uda\u0142o Ci si\u0119 znale\u017a\u0107 ciekawe stanowisko albo chcesz wys\u0142a\u0107 otwart\u0105 aplikacj\u0119? W takim razie pozostaw tutaj swoje dane wraz z CV.\n\nWkr\u00f3tce damy Ci zna\u0107, czy zapraszamy Ci\u0119 na rozmow\u0119 kwalifikacyjn\u0105!<\/p>\n\n\n\n<p><\/p>\n\n\n\n<div class=\"wp-block-contact-form-7-contact-form-selector\"><p class=\"wpcf7-contact-form-not-found\"><strong>B\u0142\u0105d:<\/strong> Brak formularza kontaktowego.<\/p><\/div>\n","protected":false},"excerpt":{"rendered":"<p>Uda\u0142o Ci si\u0119 znale\u017a\u0107 ciekawe stanowisko albo chcesz wys\u0142a\u0107 otwart\u0105 aplikacj\u0119? W takim razie pozostaw tutaj swoje dane wraz z CV. Wkr\u00f3tce damy Ci zna\u0107, czy zapraszamy Ci\u0119 na rozmow\u0119 kwalifikacyjn\u0105! [&#8230;]<\/p>\n<p><a class=\"btn btn-secondary understrap-read-more-link\" href=\"https:\/\/www.werkenbijbankenchampignons.com\/pl\/aplikowanie-o-prace\/\">Czytaj dalej\u2026<span class=\"screen-reader-text\"> from Aplikowanie o prac\u0119<\/span><\/a><\/p>\n","protected":false},"author":1,"featured_media":125,"parent":0,"menu_order":0,"comment_status":"closed","ping_status":"closed","template":"","meta":{"_acf_changed":false,"footnotes":""},"class_list":["post-410","page","type-page","status-publish","has-post-thumbnail","hentry"],"acf":{"subtitle":""},"_links":{"self":[{"href":"https:\/\/www.werkenbijbankenchampignons.com\/pl\/wp-json\/wp\/v2\/pages\/410","targetHints":{"allow":["GET"]}}],"collection":[{"href":"https:\/\/www.werkenbijbankenchampignons.com\/pl\/wp-json\/wp\/v2\/pages"}],"about":[{"href":"https:\/\/www.werkenbijbankenchampignons.com\/pl\/wp-json\/wp\/v2\/types\/page"}],"author":[{"embeddable":true,"href":"https:\/\/www.werkenbijbankenchampignons.com\/pl\/wp-json\/wp\/v2\/users\/1"}],"replies":[{"embeddable":true,"href":"https:\/\/www.werkenbijbankenchampignons.com\/pl\/wp-json\/wp\/v2\/comments?post=410"}],"version-history":[{"count":2,"href":"https:\/\/www.werkenbijbankenchampignons.com\/pl\/wp-json\/wp\/v2\/pages\/410\/revisions"}],"predecessor-version":[{"id":434,"href":"https:\/\/www.werkenbijbankenchampignons.com\/pl\/wp-json\/wp\/v2\/pages\/410\/revisions\/434"}],"wp:featuredmedia":[{"embeddable":true,"href":"https:\/\/www.werkenbijbankenchampignons.com\/pl\/wp-json\/wp\/v2\/media\/125"}],"wp:attachment":[{"href":"https:\/\/www.werkenbijbankenchampignons.com\/pl\/wp-json\/wp\/v2\/media?parent=410"}],"curies":[{"name":"wp","href":"https:\/\/api.w.org\/{rel}","templated":true}]}}