{"id":414,"date":"2022-06-03T15:22:23","date_gmt":"2022-06-03T13:22:23","guid":{"rendered":"https:\/\/www.werkenbijbankenchampignons.com\/wylaczenie-odpowiedzialnosci\/"},"modified":"2022-06-08T15:24:36","modified_gmt":"2022-06-08T13:24:36","slug":"wylaczenie-odpowiedzialnosci","status":"publish","type":"page","link":"https:\/\/www.werkenbijbankenchampignons.com\/pl\/wylaczenie-odpowiedzialnosci\/","title":{"rendered":"WY\u0141\u0104CZENIE ODPOWIEDZIALNO\u015aCI"},"content":{"rendered":"\n<p>Mimo, ze informacje zawarte na stronie internetowej Banken Champignons zostaly zebrane w spos\u00f3b rzetelny i dokladny, firma Banken Champignons nie bierze odpowiedzialnosci za ewentualne bledy, czy niescislosci w podawanych na tej stronie informacjach, jak r\u00f3wniez informacjach zamieszczonych na stronach, do kt\u00f3rych niniejsza strona odsyla. Banken Champignons nie bierze r\u00f3wniez odpowiedzialnosci za bezposrednie lub posrednie szkody mogace wynikac z wykorzystania zamieszczonych na stronie informacji. Nie wolno zapozyczac praw ani wnosic roszczen wzgledem zawartosci tej strony internetowej. Przed wykorzystaniem oferowanych informacji, nalezy zweryfikowac ich zawartosc z oryginalnym zr\u00f3dlem.<\/p>\n\n\n\n<p><strong>COPYRIGHT (prawa autorskie)<\/strong><\/p>\n\n\n\n<p>Zawartosc tej strony internetowej jest chroniona przez prawa autorskie. Kopiowanie tej strony lub chociazby jej czesci bez zgody Banken Champignons jest zabronione.<\/p>\n\n\n\n<p><strong>ZNAKI TOWAROWE<\/strong><\/p>\n\n\n\n<p>Wszystkie oznaczenia towarowe (markowe) umieszczone na tej stronie w postaci wyrazen, obraz\u00f3w i\/lub form opakowania sa wlasnoscia Banken Champignons B.V.<br>Wykorzystywanie ich bez pisemnej zgody Banken Champignons, jest zabronione.<\/p>\n\n\n\n<p><strong>OG\u00d3LNE<\/strong><\/p>\n\n\n\n<p>Zabrania sie wykorzystywania element\u00f3w budowy tej strony internetowej w konstruowaniu innych stron.<br>Banken Champignons nie odpowiada za dostep do tych stron, z kt\u00f3rymi jest polaczony tzw. linkami. Dostarczone informacje moga zostac przez Banken Champignons zmodyfikowane, uzupelnione lub usuniete.<\/p>\n","protected":false},"excerpt":{"rendered":"<p>Mimo, ze informacje zawarte na stronie internetowej Banken Champignons zostaly zebrane w spos\u00f3b rzetelny i dokladny, firma Banken Champignons nie bierze odpowiedzialnosci za ewentualne bledy, czy niescislosci w podawanych na tej stronie informacjach, jak r\u00f3wniez informacjach zamieszczonych na stronach, do kt\u00f3rych niniejsza strona odsyla. Banken Champignons nie bierze r\u00f3wniez odpowiedzialnosci za bezposrednie lub posrednie szkody [&#8230;]<\/p>\n<p><a class=\"btn btn-secondary understrap-read-more-link\" href=\"https:\/\/www.werkenbijbankenchampignons.com\/pl\/wylaczenie-odpowiedzialnosci\/\">Czytaj dalej\u2026<span class=\"screen-reader-text\"> from WY\u0141\u0104CZENIE ODPOWIEDZIALNO\u015aCI<\/span><\/a><\/p>\n","protected":false},"author":1,"featured_media":121,"parent":0,"menu_order":0,"comment_status":"closed","ping_status":"closed","template":"","meta":{"_acf_changed":false,"footnotes":""},"class_list":["post-414","page","type-page","status-publish","has-post-thumbnail","hentry"],"acf":{"subtitle":""},"_links":{"self":[{"href":"https:\/\/www.werkenbijbankenchampignons.com\/pl\/wp-json\/wp\/v2\/pages\/414","targetHints":{"allow":["GET"]}}],"collection":[{"href":"https:\/\/www.werkenbijbankenchampignons.com\/pl\/wp-json\/wp\/v2\/pages"}],"about":[{"href":"https:\/\/www.werkenbijbankenchampignons.com\/pl\/wp-json\/wp\/v2\/types\/page"}],"author":[{"embeddable":true,"href":"https:\/\/www.werkenbijbankenchampignons.com\/pl\/wp-json\/wp\/v2\/users\/1"}],"replies":[{"embeddable":true,"href":"https:\/\/www.werkenbijbankenchampignons.com\/pl\/wp-json\/wp\/v2\/comments?post=414"}],"version-history":[{"count":2,"href":"https:\/\/www.werkenbijbankenchampignons.com\/pl\/wp-json\/wp\/v2\/pages\/414\/revisions"}],"predecessor-version":[{"id":437,"href":"https:\/\/www.werkenbijbankenchampignons.com\/pl\/wp-json\/wp\/v2\/pages\/414\/revisions\/437"}],"wp:featuredmedia":[{"embeddable":true,"href":"https:\/\/www.werkenbijbankenchampignons.com\/pl\/wp-json\/wp\/v2\/media\/121"}],"wp:attachment":[{"href":"https:\/\/www.werkenbijbankenchampignons.com\/pl\/wp-json\/wp\/v2\/media?parent=414"}],"curies":[{"name":"wp","href":"https:\/\/api.w.org\/{rel}","templated":true}]}}