{"id":418,"date":"2022-03-30T08:12:23","date_gmt":"2022-03-30T06:12:23","guid":{"rendered":"https:\/\/www.werkenbijbankenchampignons.com\/swoj-dzien-przedstawia\/"},"modified":"2022-06-09T13:58:52","modified_gmt":"2022-06-09T11:58:52","slug":"swoj-dzien-przedstawia","status":"publish","type":"page","link":"https:\/\/www.werkenbijbankenchampignons.com\/pl\/swoj-dzien-przedstawia\/","title":{"rendered":"Sw\u00f3j dzie\u0144 przedstawia"},"content":{"rendered":"\n<p>Oczywi\u015bcie mo\u017cemy opowiedzie\u0107, dlaczego praca w Banken Champignons jest tak przyjemna i interesuj\u0105ca. Ale nikt nie zrobi tego lepiej ni\u017c sami pracownicy. Zatrudniamy wiele os\u00f3b na r\u00f3\u017cnych stanowiskach. To one robi\u0105 r\u00f3\u017cnic\u0119 \u2013 dla naszej firmy i dla siebie nawzajem. Ciekawi Ci\u0119, co Twoi przyszli koledzy i kole\u017canki my\u015bl\u0105 o pracy w Banken Champignons? Przeczytaj poni\u017cej histori\u0119, kt\u00f3r\u0105 chcia\u0142 podzieli\u0107 si\u0119 Gert Jan, mechanik w Banken Champignons.<\/p>\n","protected":false},"excerpt":{"rendered":"<p>Oczywi\u015bcie mo\u017cemy opowiedzie\u0107, dlaczego praca w Banken Champignons jest tak przyjemna i interesuj\u0105ca. Ale nikt nie zrobi tego lepiej ni\u017c sami pracownicy. Zatrudniamy wiele os\u00f3b na r\u00f3\u017cnych stanowiskach. To one robi\u0105 r\u00f3\u017cnic\u0119 \u2013 dla naszej firmy i dla siebie nawzajem. Ciekawi Ci\u0119, co Twoi przyszli koledzy i kole\u017canki my\u015bl\u0105 o pracy w Banken Champignons? Przeczytaj [&#8230;]<\/p>\n<p><a class=\"btn btn-secondary understrap-read-more-link\" href=\"https:\/\/www.werkenbijbankenchampignons.com\/pl\/swoj-dzien-przedstawia\/\">Czytaj dalej\u2026<span class=\"screen-reader-text\"> from Sw\u00f3j dzie\u0144 przedstawia<\/span><\/a><\/p>\n","protected":false},"author":1,"featured_media":121,"parent":0,"menu_order":0,"comment_status":"closed","ping_status":"closed","template":"page-templates\/day.php","meta":{"_acf_changed":false,"footnotes":""},"class_list":["post-418","page","type-page","status-publish","has-post-thumbnail","hentry"],"acf":{"subtitle":"Mechanik og\u00f3lny Gert Jan"},"_links":{"self":[{"href":"https:\/\/www.werkenbijbankenchampignons.com\/pl\/wp-json\/wp\/v2\/pages\/418","targetHints":{"allow":["GET"]}}],"collection":[{"href":"https:\/\/www.werkenbijbankenchampignons.com\/pl\/wp-json\/wp\/v2\/pages"}],"about":[{"href":"https:\/\/www.werkenbijbankenchampignons.com\/pl\/wp-json\/wp\/v2\/types\/page"}],"author":[{"embeddable":true,"href":"https:\/\/www.werkenbijbankenchampignons.com\/pl\/wp-json\/wp\/v2\/users\/1"}],"replies":[{"embeddable":true,"href":"https:\/\/www.werkenbijbankenchampignons.com\/pl\/wp-json\/wp\/v2\/comments?post=418"}],"version-history":[{"count":4,"href":"https:\/\/www.werkenbijbankenchampignons.com\/pl\/wp-json\/wp\/v2\/pages\/418\/revisions"}],"predecessor-version":[{"id":449,"href":"https:\/\/www.werkenbijbankenchampignons.com\/pl\/wp-json\/wp\/v2\/pages\/418\/revisions\/449"}],"wp:featuredmedia":[{"embeddable":true,"href":"https:\/\/www.werkenbijbankenchampignons.com\/pl\/wp-json\/wp\/v2\/media\/121"}],"wp:attachment":[{"href":"https:\/\/www.werkenbijbankenchampignons.com\/pl\/wp-json\/wp\/v2\/media?parent=418"}],"curies":[{"name":"wp","href":"https:\/\/api.w.org\/{rel}","templated":true}]}}