{"id":423,"date":"2022-03-30T08:12:09","date_gmt":"2022-03-30T06:12:09","guid":{"rendered":"https:\/\/www.werkenbijbankenchampignons.com\/oferty-pracy\/"},"modified":"2022-06-08T15:25:00","modified_gmt":"2022-06-08T13:25:00","slug":"oferty-pracy","status":"publish","type":"page","link":"https:\/\/www.werkenbijbankenchampignons.com\/pl\/oferty-pracy\/","title":{"rendered":"Oferty pracy"},"content":{"rendered":"\n<h2 class=\"has-text-align-center wp-block-heading\"><strong>Zawsze szukamy nowych ludzi<\/strong><\/h2>\n\n\n\n<p class=\"has-text-align-center\">W naszej rozwijaj\u0105cej si\u0119 firmie wci\u0105\u017c poszukujemy nowych os\u00f3b na r\u00f3\u017cne stanowiska. Jeste\u015b mechanikiem, kierowc\u0105, specjalist\u0105 ds. sprzeda\u017cy, hodowc\u0105 lub specjalizujesz si\u0119 w innej dziedzinie? Mo\u017cemy mie\u0107 dla Ciebie odpowiednie stanowisko!<\/p>\n","protected":false},"excerpt":{"rendered":"<p>Zawsze szukamy nowych ludzi W naszej rozwijaj\u0105cej si\u0119 firmie wci\u0105\u017c poszukujemy nowych os\u00f3b na r\u00f3\u017cne stanowiska. Jeste\u015b mechanikiem, kierowc\u0105, specjalist\u0105 ds. sprzeda\u017cy, hodowc\u0105 lub specjalizujesz si\u0119 w innej dziedzinie? Mo\u017cemy mie\u0107 dla Ciebie odpowiednie stanowisko! [&#8230;]<\/p>\n<p><a class=\"btn btn-secondary understrap-read-more-link\" href=\"https:\/\/www.werkenbijbankenchampignons.com\/pl\/oferty-pracy\/\">Czytaj dalej\u2026<span class=\"screen-reader-text\"> from Oferty pracy<\/span><\/a><\/p>\n","protected":false},"author":1,"featured_media":118,"parent":0,"menu_order":0,"comment_status":"closed","ping_status":"closed","template":"page-templates\/jobs.php","meta":{"_acf_changed":false,"footnotes":""},"class_list":["post-423","page","type-page","status-publish","has-post-thumbnail","hentry"],"acf":{"subtitle":"Przyjd\u017a do pracy w naszej firmie"},"_links":{"self":[{"href":"https:\/\/www.werkenbijbankenchampignons.com\/pl\/wp-json\/wp\/v2\/pages\/423","targetHints":{"allow":["GET"]}}],"collection":[{"href":"https:\/\/www.werkenbijbankenchampignons.com\/pl\/wp-json\/wp\/v2\/pages"}],"about":[{"href":"https:\/\/www.werkenbijbankenchampignons.com\/pl\/wp-json\/wp\/v2\/types\/page"}],"author":[{"embeddable":true,"href":"https:\/\/www.werkenbijbankenchampignons.com\/pl\/wp-json\/wp\/v2\/users\/1"}],"replies":[{"embeddable":true,"href":"https:\/\/www.werkenbijbankenchampignons.com\/pl\/wp-json\/wp\/v2\/comments?post=423"}],"version-history":[{"count":4,"href":"https:\/\/www.werkenbijbankenchampignons.com\/pl\/wp-json\/wp\/v2\/pages\/423\/revisions"}],"predecessor-version":[{"id":446,"href":"https:\/\/www.werkenbijbankenchampignons.com\/pl\/wp-json\/wp\/v2\/pages\/423\/revisions\/446"}],"wp:featuredmedia":[{"embeddable":true,"href":"https:\/\/www.werkenbijbankenchampignons.com\/pl\/wp-json\/wp\/v2\/media\/118"}],"wp:attachment":[{"href":"https:\/\/www.werkenbijbankenchampignons.com\/pl\/wp-json\/wp\/v2\/media?parent=423"}],"curies":[{"name":"wp","href":"https:\/\/api.w.org\/{rel}","templated":true}]}}